{"id":82,"date":"2023-03-18T23:01:29","date_gmt":"2023-03-18T22:01:29","guid":{"rendered":"http:\/\/harpiste-pianiste-lyslana.com\/?page_id=82"},"modified":"2026-03-26T11:39:15","modified_gmt":"2026-03-26T10:39:15","slug":"mes-prestations","status":"publish","type":"page","link":"https:\/\/harpiste-pianiste-lyslana.com\/index.php\/mes-prestations\/","title":{"rendered":"Mes Prestations"},"content":{"rendered":"<div data-colibri-id=\"82-c1\" class=\"style-396 style-local-82-c1 position-relative\">\n  <!---->\n  <div data-colibri-component=\"section\" data-colibri-id=\"82-c2\" id=\"content\" class=\"h-section h-section-global-spacing d-flex align-items-lg-center align-items-md-center align-items-center style-1232 style-local-82-c2 position-relative\">\n    <!---->\n    <!---->\n    <div class=\"h-section-grid-container h-section-boxed-container\">\n      <div data-colibri-id=\"82-c31\" class=\"h-row-container gutters-row-lg-2 gutters-row-md-2 gutters-row-2 gutters-row-v-lg-2 gutters-row-v-md-2 gutters-row-v-2 style-1244 style-local-82-c31 position-relative\">\n        <!---->\n        <div class=\"h-row justify-content-lg-center justify-content-md-center justify-content-center align-items-lg-stretch align-items-md-stretch align-items-stretch gutters-col-lg-2 gutters-col-md-2 gutters-col-2 gutters-col-v-lg-2 gutters-col-v-md-2 gutters-col-v-2\">\n          <!---->\n          <div data-aos=\"fadeIn\" class=\"h-column h-column-container d-flex h-col-lg-auto h-col-md-auto h-col-auto style-1245-outer style-local-82-c32-outer\">\n            <div data-colibri-id=\"82-c32\" class=\"d-flex h-flex-basis h-column__inner h-px-lg-2 h-px-md-2 h-px-2 v-inner-lg-2 v-inner-md-2 v-inner-2 style-1245 style-local-82-c32 position-relative\">\n              <!---->\n              <!---->\n              <div class=\"w-100 h-y-container h-column__content h-column__v-align flex-basis-100 align-self-lg-start align-self-md-start align-self-start\">\n                <!---->\n                <div data-colibri-id=\"82-c33\" class=\"h-global-transition-all h-heading style-1246 style-local-82-c33 position-relative h-element\">\n                  <!---->\n                  <div class=\"h-heading__outer style-1246 style-local-82-c33\">\n                    <!---->\n                    <!---->\n                    <h2 class=\"\"><span style=\"font-family: Cormorant;\">Mes Prestations\ufeff<\/span><\/h2>\n                  <\/div>\n                <\/div>\n                <div data-colibri-id=\"82-c34\" class=\"h-lead h-text h-text-component style-1247 style-local-82-c34 position-relative h-element\">\n                  <!---->\n                  <!---->\n                  <div class=\"\">\n                    <p>Ajoutez une touche de r\u00eave \u00e0 vos \u00e9v\u00e9nements et cr\u00e9ez un moment hors du temps \u00e0 la harpe et\/ou au piano et\/ou en chantant<\/p>\n                  <\/div>\n                <\/div>\n              <\/div>\n            <\/div>\n          <\/div>\n        <\/div>\n      <\/div>\n      <div data-colibri-id=\"82-c3\" class=\"h-row-container gutters-row-lg-2 gutters-row-md-2 gutters-row-2 gutters-row-v-lg-2 gutters-row-v-md-2 gutters-row-v-2 style-1233 style-local-82-c3 position-relative\">\n        <!---->\n        <div class=\"h-row justify-content-lg-center justify-content-md-center justify-content-center align-items-lg-stretch align-items-md-stretch align-items-stretch gutters-col-lg-2 gutters-col-md-2 gutters-col-2 gutters-col-v-lg-2 gutters-col-v-md-2 gutters-col-v-2\">\n          <!---->\n          <div class=\"h-column h-column-container d-flex h-col-lg-auto h-col-md-auto h-col-auto style-1234-outer style-local-82-c4-outer\">\n            <div data-colibri-id=\"82-c4\" class=\"d-flex h-flex-basis h-column__inner h-px-lg-0 h-px-md-0 h-px-0 v-inner-lg-0 v-inner-md-0 v-inner-0 style-1234 style-local-82-c4 position-relative\">\n              <!---->\n              <!---->\n              <div class=\"w-100 h-y-container h-column__content h-column__v-align flex-basis-100 align-self-lg-start align-self-md-start align-self-start\">\n                <!---->\n                <div data-colibri-id=\"82-c5\" class=\"h-global-transition-all h-heading style-1249 style-local-82-c5 position-relative h-element\">\n                  <!---->\n                  <div data-aos=\"fadeIn\" class=\"h-heading__outer style-1249 style-local-82-c5\">\n                    <!---->\n                    <!---->\n                    <h6 class=\"\"><strong style=\"font-weight: 600; font-family: Cormorant; color: rgb(0, 7, 12); font-size: 142%;\">Au programme&nbsp;<\/strong><\/h6>\n                  <\/div>\n                <\/div>\n                <div data-colibri-id=\"82-c6\" data-aos=\"fadeIn\" class=\"h-text h-text-component style-1248 style-local-82-c6 position-relative h-element\">\n                  <!---->\n                  <!---->\n                  <div class=\"\">\n                    <p>&nbsp;&nbsp;Selon vos choix : &nbsp;classique, musiques de film, pop, jazz<\/p>\n                    <p>-Interpr\u00e9tation et arrangement d\u2019oeuvres&nbsp;<\/p>\n                    <p>-Compositions ou cr\u00e9ations personnelles&nbsp;<\/p>\n                    <p>\n                      <br>\n                    <\/p>\n                  <\/div>\n                <\/div>\n                <div data-colibri-id=\"82-c7\" data-aos=\"fadeIn\" class=\"h-row-container gutters-row-lg-2 gutters-row-md-2 gutters-row-1 gutters-row-v-lg-2 gutters-row-v-md-2 gutters-row-v-1 style-1235 style-local-82-c7 position-relative\">\n                  <!---->\n                  <div class=\"h-row justify-content-lg-center justify-content-md-center justify-content-center align-items-lg-stretch align-items-md-stretch align-items-stretch gutters-col-lg-2 gutters-col-md-2 gutters-col-1 gutters-col-v-lg-2 gutters-col-v-md-2 gutters-col-v-1\">\n                    <!---->\n                    <div class=\"h-column h-column-container d-flex h-col-lg-auto h-col-md-auto h-col-auto style-1236-outer style-local-82-c8-outer\">\n                      <div data-colibri-id=\"82-c8\" class=\"d-flex h-flex-basis h-column__inner h-px-lg-0 h-px-md-0 h-px-0 v-inner-lg-0 v-inner-md-0 v-inner-0 style-1236 style-local-82-c8 position-relative\">\n                        <!---->\n                        <!---->\n                        <div class=\"w-100 h-y-container h-column__content h-column__v-align flex-basis-100 align-self-lg-center align-self-md-center align-self-center\">\n                          <!---->\n                          <div data-colibri-id=\"82-c9\" class=\"h-global-transition-all h-heading style-1533 style-local-82-c9 position-relative h-element\">\n                            <!---->\n                            <div class=\"h-heading__outer style-1533 style-local-82-c9\">\n                              <!---->\n                              <!---->\n                              <h4 class=\"\"><span style=\"font-family: Cormorant; font-weight: 700;\">&nbsp;Soir\u00e9es prestige<\/span><\/h4>\n                            <\/div>\n                          <\/div>\n                          <div data-colibri-id=\"82-c10\" class=\"h-text h-text-component style-1238 style-local-82-c10 position-relative h-element\">\n                            <!---->\n                            <!---->\n                            <div class=\"\">\n                              <p><span style=\"color: rgb(19, 28, 37); font-family: Cormorant; font-size: 16px; font-weight: 300;\">Envo\u00fbtez vos clients lors de vos d\u00e9fil\u00e9s, galas, cocktails, et offrez-leur une exp\u00e9rience unique et f\u00e9\u00e9rique avec un moment magique \u00e0 la harpe.<\/span><\/p>\n                            <\/div>\n                          <\/div>\n                        <\/div>\n                      <\/div>\n                    <\/div>\n                    <div class=\"h-column h-column-container d-flex h-col-lg-auto h-col-md-auto h-col-auto style-1239-outer style-local-82-c11-outer\">\n                      <div data-colibri-id=\"82-c11\" class=\"d-flex h-flex-basis h-column__inner h-ui-empty-state-container h-px-lg-0 h-px-md-0 h-px-0 v-inner-lg-0 v-inner-md-0 v-inner-0 style-1239 style-local-82-c11 position-relative\">\n                        <!---->\n                        <!---->\n                        <div class=\"w-100 h-y-container h-column__content h-column__v-align flex-basis-100\">\n                          <!---->\n                        <\/div>\n                      <\/div>\n                    <\/div>\n                  <\/div>\n                <\/div>\n                <div data-colibri-id=\"82-c12\" data-aos=\"fadeIn\" class=\"h-row-container gutters-row-lg-2 gutters-row-md-2 gutters-row-1 gutters-row-v-lg-2 gutters-row-v-md-2 gutters-row-v-1 style-1235 style-local-82-c12 position-relative\">\n                  <!---->\n                  <div class=\"h-row justify-content-lg-center justify-content-md-center justify-content-center align-items-lg-stretch align-items-md-stretch align-items-stretch gutters-col-lg-2 gutters-col-md-2 gutters-col-1 gutters-col-v-lg-2 gutters-col-v-md-2 gutters-col-v-1\">\n                    <!---->\n                    <div class=\"h-column h-column-container d-flex h-col-lg-auto h-col-md-auto h-col-auto style-1240-outer style-local-82-c13-outer\">\n                      <div data-colibri-id=\"82-c13\" class=\"d-flex h-flex-basis h-column__inner h-ui-empty-state-container h-px-lg-0 h-px-md-0 h-px-0 v-inner-lg-0 v-inner-md-0 v-inner-0 colibri-featured-img-bg style-1240 style-local-82-c13 position-relative\">\n                        <!---->\n                        <!---->\n                        <div class=\"w-100 h-y-container h-column__content h-column__v-align flex-basis-100\">\n                          <!---->\n                        <\/div>\n                      <\/div>\n                    <\/div>\n                    <div class=\"h-column h-column-container d-flex h-col-lg-auto h-col-md-auto h-col-auto style-1236-outer style-local-82-c14-outer\">\n                      <div data-colibri-id=\"82-c14\" class=\"d-flex h-flex-basis h-column__inner h-px-lg-0 h-px-md-0 h-px-0 v-inner-lg-0 v-inner-md-0 v-inner-0 style-1236 style-local-82-c14 position-relative\">\n                        <!---->\n                        <!---->\n                        <div class=\"w-100 h-y-container h-column__content h-column__v-align flex-basis-100 align-self-lg-center align-self-md-center align-self-center\">\n                          <!---->\n                          <div data-colibri-id=\"82-c15\" class=\"h-global-transition-all h-heading style-1237 style-local-82-c15 position-relative h-element\">\n                            <!---->\n                            <div class=\"h-heading__outer style-1237 style-local-82-c15\">\n                              <!---->\n                              <!---->\n                              <h4 class=\"\"><span style=\"font-family: Cormorant;\">Soir\u00e9es d&rsquo;entreprises<\/span><\/h4>\n                            <\/div>\n                          <\/div>\n                          <div data-colibri-id=\"82-c16\" class=\"h-text h-text-component style-1241 style-local-82-c16 position-relative h-element\">\n                            <!---->\n                            <!---->\n                            <div class=\"\">\n                              <p><span style=\"font-family: Cormorant; font-weight: 500;\">Animez vos soir\u00e9es d\u2019entreprise et surprenez vos invit\u00e9s avec un moment musical in\u00e9dit et sur mesure.<\/span><\/p>\n                              <p>\n                                <br>\n                              <\/p>\n                            <\/div>\n                          <\/div>\n                        <\/div>\n                      <\/div>\n                    <\/div>\n                  <\/div>\n                <\/div>\n                <div data-colibri-id=\"82-c17\" data-aos=\"fadeIn\" class=\"h-row-container gutters-row-lg-2 gutters-row-md-2 gutters-row-1 gutters-row-v-lg-2 gutters-row-v-md-2 gutters-row-v-1 style-1235 style-local-82-c17 position-relative\">\n                  <!---->\n                  <div class=\"h-row justify-content-lg-center justify-content-md-center justify-content-center align-items-lg-stretch align-items-md-stretch align-items-stretch gutters-col-lg-2 gutters-col-md-2 gutters-col-1 gutters-col-v-lg-2 gutters-col-v-md-2 gutters-col-v-1\">\n                    <!---->\n                    <div class=\"h-column h-column-container d-flex h-col-lg-auto h-col-md-auto h-col-auto style-1236-outer style-local-82-c18-outer\">\n                      <div data-colibri-id=\"82-c18\" class=\"d-flex h-flex-basis h-column__inner h-px-lg-0 h-px-md-0 h-px-0 v-inner-lg-0 v-inner-md-0 v-inner-0 style-1236 style-local-82-c18 position-relative\">\n                        <!---->\n                        <!---->\n                        <div class=\"w-100 h-y-container h-column__content h-column__v-align flex-basis-100 align-self-lg-center align-self-md-center align-self-center\">\n                          <!---->\n                          <div data-colibri-id=\"82-c19\" class=\"h-global-transition-all h-heading style-1237 style-local-82-c19 position-relative h-element\">\n                            <!---->\n                            <div class=\"h-heading__outer style-1237 style-local-82-c19\">\n                              <!---->\n                              <!---->\n                              <h4 class=\"\"><span style=\"font-family: Cormorant;\">Concerts priv\u00e9s<\/span><\/h4>\n                            <\/div>\n                          <\/div>\n                          <div data-colibri-id=\"82-c20\" class=\"h-text h-text-component style-1242 style-local-82-c20 position-relative h-element\">\n                            <!---->\n                            <!---->\n                            <div class=\"\">\n                              <p><span style=\"font-family: Cormorant;\">Vivez un moment unique avec vos invit\u00e9s en leur proposant un concert d&rsquo;exception et cr\u00e9\u00e9 sur mesure pour vous, dans le style musical de votre choix.<\/span><\/p>\n                            <\/div>\n                          <\/div>\n                        <\/div>\n                      <\/div>\n                    <\/div>\n                    <div class=\"h-column h-column-container d-flex h-col-lg-auto h-col-md-auto h-col-auto style-1534-outer style-local-82-c21-outer\">\n                      <div data-colibri-id=\"82-c21\" class=\"d-flex h-flex-basis h-column__inner h-ui-empty-state-container h-px-lg-0 h-px-md-0 h-px-0 v-inner-lg-0 v-inner-md-0 v-inner-0 style-1534 style-local-82-c21 position-relative\">\n                        <!---->\n                        <!---->\n                        <div class=\"w-100 h-y-container h-column__content h-column__v-align flex-basis-100\">\n                          <!---->\n                        <\/div>\n                      <\/div>\n                    <\/div>\n                  <\/div>\n                <\/div>\n                <div data-colibri-id=\"82-c22\" data-aos=\"fadeIn\" class=\"h-row-container gutters-row-lg-2 gutters-row-md-2 gutters-row-1 gutters-row-v-lg-2 gutters-row-v-md-2 gutters-row-v-1 style-1881 style-local-82-c22 position-relative\">\n                  <!---->\n                  <div class=\"h-row justify-content-lg-center justify-content-md-center justify-content-center align-items-lg-stretch align-items-md-stretch align-items-stretch gutters-col-lg-2 gutters-col-md-2 gutters-col-1 gutters-col-v-lg-2 gutters-col-v-md-2 gutters-col-v-1\">\n                    <!---->\n                    <div class=\"h-column h-column-container d-flex h-col-lg-auto h-col-md-auto h-col-auto style-1243-outer style-local-82-c23-outer\">\n                      <div data-colibri-id=\"82-c23\" class=\"d-flex h-flex-basis h-column__inner h-ui-empty-state-container h-px-lg-0 h-px-md-0 h-px-0 v-inner-lg-0 v-inner-md-0 v-inner-0 style-1243 style-local-82-c23 position-relative\">\n                        <!---->\n                        <!---->\n                        <div class=\"w-100 h-y-container h-column__content h-column__v-align flex-basis-100\">\n                          <!---->\n                        <\/div>\n                      <\/div>\n                    <\/div>\n                    <div class=\"h-column h-column-container d-flex h-col-lg-auto h-col-md-auto h-col-auto style-1531-outer style-local-82-c24-outer\">\n                      <div data-colibri-id=\"82-c24\" class=\"d-flex h-flex-basis h-column__inner h-px-lg-2 h-px-md-2 h-px-2 v-inner-lg-2 v-inner-md-2 v-inner-2 style-1531 style-local-82-c24 position-relative\">\n                        <!---->\n                        <!---->\n                        <div class=\"w-100 h-y-container h-column__content h-column__v-align flex-basis-100 align-self-lg-center align-self-md-center align-self-center\">\n                          <!---->\n                          <div data-colibri-id=\"82-c25\" class=\"h-global-transition-all h-heading style-1533 style-local-82-c25 position-relative h-element\">\n                            <!---->\n                            <div class=\"h-heading__outer style-1533 style-local-82-c25\">\n                              <!---->\n                              <!---->\n                              <h4 class=\"\"><span style=\"font-family: Cormorant;\">Mariages-Cocktails-Anniversaires<\/span><\/h4>\n                            <\/div>\n                          <\/div>\n                          <div data-colibri-id=\"82-c26\" class=\"h-text h-text-component style-1532 style-local-82-c26 position-relative h-element\">\n                            <!---->\n                            <!---->\n                            <div class=\"\">\n                              <p><span style=\"font-family: Cormorant;\">Enchantez vos invit\u00e9s par un concert de harpe, leur faisant d\u00e9couvrir cet instrument f\u00e9\u00e9rique et magique.<\/span><\/p>\n                              <p>\n                                <br>\n                              <\/p>\n                            <\/div>\n                          <\/div>\n                        <\/div>\n                      <\/div>\n                    <\/div>\n                  <\/div>\n                <\/div>\n              <\/div>\n            <\/div>\n          <\/div>\n        <\/div>\n      <\/div>\n      <div data-colibri-id=\"82-c27\" class=\"h-row-container gutters-row-lg-2 gutters-row-md-2 gutters-row-0 gutters-row-v-lg-2 gutters-row-v-md-2 gutters-row-v-2 style-1546 style-local-82-c27 position-relative\">\n        <!---->\n        <div class=\"h-row justify-content-lg-center justify-content-md-center justify-content-center align-items-lg-stretch align-items-md-stretch align-items-stretch gutters-col-lg-2 gutters-col-md-2 gutters-col-0 gutters-col-v-lg-2 gutters-col-v-md-2 gutters-col-v-2\">\n          <!---->\n          <div class=\"h-column h-column-container d-flex h-col-lg-auto h-col-md-auto h-col-auto style-1547-outer style-local-82-c28-outer\">\n            <div data-colibri-id=\"82-c28\" class=\"d-flex h-flex-basis h-column__inner h-px-lg-2 h-px-md-2 h-px-2 v-inner-lg-2 v-inner-md-2 v-inner-2 style-1547 style-local-82-c28 position-relative\">\n              <!---->\n              <!---->\n              <div class=\"w-100 h-y-container h-column__content h-column__v-align flex-basis-100 align-self-lg-start align-self-md-start align-self-start\">\n                <!---->\n                <div data-colibri-id=\"82-c29\" class=\"h-x-container style-1548 style-local-82-c29 position-relative h-element\">\n                  <!---->\n                  <div class=\"h-x-container-inner style-dynamic-82-c29-group style-1548-spacing style-local-82-c29-spacing\"><span class=\"h-button__outer style-1549-outer style-local-82-c30-outer d-inline-flex h-element\"><a h-use-smooth-scroll=\"true\" href=\"http:\/\/harpiste-pianiste-lyslana.com\/index.php\/contact\/\"  data-colibri-id=\"82-c30\" class=\"d-flex w-100 align-items-center h-button justify-content-lg-center justify-content-md-center justify-content-center style-1549 style-local-82-c30 position-relative\"><!----><!----> <span>Contactez-moi<\/span><\/a>\n                    <\/span>\n                  <\/div>\n                <\/div>\n              <\/div>\n            <\/div>\n          <\/div>\n        <\/div>\n      <\/div>\n    <\/div>\n  <\/div>\n<\/div>","protected":false},"excerpt":{"rendered":"<p>Mes Prestations\ufeff Ajoutez une touche de r\u00eave \u00e0 vos \u00e9v\u00e9nements et cr\u00e9ez un moment hors du temps \u00e0 la harpe et\/ou au piano et\/ou en chantant Au programme&nbsp; &nbsp;&nbsp;Selon vos choix : &nbsp;classique, musiques de film, pop, jazz -Interpr\u00e9tation et arrangement d\u2019oeuvres&nbsp; -Compositions ou cr\u00e9ations personnelles&nbsp; &nbsp;Soir\u00e9es prestige Envo\u00fbtez vos clients lors de vos d\u00e9fil\u00e9s, [&hellip;]<\/p>\n","protected":false},"author":1,"featured_media":0,"parent":0,"menu_order":0,"comment_status":"closed","ping_status":"closed","template":"page-templates\/full-width-page.php","meta":{"om_disable_all_campaigns":false,"_monsterinsights_skip_tracking":false,"_monsterinsights_sitenote_active":false,"_monsterinsights_sitenote_note":"","_monsterinsights_sitenote_category":0,"footnotes":""},"class_list":["post-82","page","type-page","status-publish","hentry"],"aioseo_notices":[],"_links":{"self":[{"href":"https:\/\/harpiste-pianiste-lyslana.com\/index.php\/wp-json\/wp\/v2\/pages\/82","targetHints":{"allow":["GET"]}}],"collection":[{"href":"https:\/\/harpiste-pianiste-lyslana.com\/index.php\/wp-json\/wp\/v2\/pages"}],"about":[{"href":"https:\/\/harpiste-pianiste-lyslana.com\/index.php\/wp-json\/wp\/v2\/types\/page"}],"author":[{"embeddable":true,"href":"https:\/\/harpiste-pianiste-lyslana.com\/index.php\/wp-json\/wp\/v2\/users\/1"}],"replies":[{"embeddable":true,"href":"https:\/\/harpiste-pianiste-lyslana.com\/index.php\/wp-json\/wp\/v2\/comments?post=82"}],"version-history":[{"count":20,"href":"https:\/\/harpiste-pianiste-lyslana.com\/index.php\/wp-json\/wp\/v2\/pages\/82\/revisions"}],"predecessor-version":[{"id":2646,"href":"https:\/\/harpiste-pianiste-lyslana.com\/index.php\/wp-json\/wp\/v2\/pages\/82\/revisions\/2646"}],"wp:attachment":[{"href":"https:\/\/harpiste-pianiste-lyslana.com\/index.php\/wp-json\/wp\/v2\/media?parent=82"}],"curies":[{"name":"wp","href":"https:\/\/api.w.org\/{rel}","templated":true}]}}