{"id":83,"date":"2023-03-18T23:01:29","date_gmt":"2023-03-18T22:01:29","guid":{"rendered":"http:\/\/harpiste-pianiste-lyslana.com\/?page_id=83"},"modified":"2023-04-10T12:46:17","modified_gmt":"2023-04-10T10:46:17","slug":"contact","status":"publish","type":"page","link":"https:\/\/harpiste-pianiste-lyslana.com\/index.php\/contact\/","title":{"rendered":"Contact"},"content":{"rendered":"<div data-colibri-id=\"83-c1\" class=\"style-365 style-local-83-c1 position-relative\">\n  <!---->\n  <div data-colibri-component=\"section\" data-colibri-id=\"83-c2\" id=\"contact-2\" class=\"h-section h-section-global-spacing d-flex align-items-lg-center align-items-md-center align-items-center style-1523 style-local-83-c2 position-relative\">\n    <!---->\n    <!---->\n    <div class=\"h-section-grid-container h-section-boxed-container\">\n      <!---->\n      <div data-colibri-id=\"83-c3\" class=\"h-row-container gutters-row-lg-2 gutters-row-md-2 gutters-row-2 gutters-row-v-lg-2 gutters-row-v-md-2 gutters-row-v-2 style-1524 style-local-83-c3 position-relative\">\n        <!---->\n        <div class=\"h-row justify-content-lg-center justify-content-md-center justify-content-center align-items-lg-stretch align-items-md-stretch align-items-stretch gutters-col-lg-2 gutters-col-md-2 gutters-col-2 gutters-col-v-lg-2 gutters-col-v-md-2 gutters-col-v-2\">\n          <!---->\n          <div class=\"h-column h-column-container d-flex h-col-lg-auto h-col-md-auto h-col-auto style-1525-outer style-local-83-c4-outer\">\n            <div data-colibri-id=\"83-c4\" class=\"d-flex h-flex-basis h-column__inner h-px-lg-0 h-px-md-0 h-px-0 v-inner-lg-0 v-inner-md-0 v-inner-0 style-1525 style-local-83-c4 position-relative\">\n              <div class=\"background-wrapper\">\n                <div class=\"background-layer background-layer-media-container-lg\">\n                  <!---->\n                  <div class=\"overlay-layer\">\n                    <div class=\"overlay-image-layer\" style=\"background-color: rgb(255, 255, 255); opacity: 0.8;\"><\/div>\n                  <\/div>\n                <\/div>\n                <div class=\"background-layer background-layer-media-container-md\">\n                  <!---->\n                  <div class=\"overlay-layer\">\n                    <div class=\"overlay-image-layer\" style=\"background-color: rgb(255, 255, 255); opacity: 0.8;\"><\/div>\n                  <\/div>\n                <\/div>\n                <div class=\"background-layer background-layer-media-container\">\n                  <!---->\n                  <div class=\"overlay-layer\">\n                    <div class=\"overlay-image-layer\" style=\"background-color: rgb(255, 255, 255); opacity: 0.8;\"><\/div>\n                  <\/div>\n                <\/div>\n              <\/div>\n              <!---->\n              <div class=\"w-100 h-y-container h-column__content h-column__v-align flex-basis-100 align-self-lg-center align-self-md-center align-self-center\">\n                <!---->\n                <div data-colibri-id=\"83-c5\" class=\"h-global-transition-all h-heading style-1526 style-local-83-c5 position-relative h-element\">\n                  <!---->\n                  <div class=\"h-heading__outer style-1526 style-local-83-c5\">\n                    <!---->\n                    <!---->\n                    <h3 class=\"\"><span style=\"font-family: Cormorant;\">Contactez-moi<\/span><\/h3>\n                  <\/div>\n                <\/div>\n                <div data-colibri-id=\"83-c6\" class=\"h-contact-form__outer--forminator style-1527 style-local-83-c6 position-relative h-element\">\n                  <!---->\n                  <div class=\"h-global-transition-all h-global-transition h-global-transition-all h-contact-form-shortcode\"><div class=\"forminator-ui forminator-custom-form forminator-custom-form-459 forminator-design--default  forminator_ajax\" data-forminator-render=\"0\" data-form=\"forminator-module-459\" data-uid=\"69f2ef0e09504\"><br\/><\/div><form\n\t\t\t\tid=\"forminator-module-459\"\n\t\t\t\tclass=\"forminator-ui forminator-custom-form forminator-custom-form-459 forminator-design--default  forminator_ajax\"\n\t\t\t\tmethod=\"post\"\n\t\t\t\tdata-forminator-render=\"0\"\n\t\t\t\tdata-form-id=\"459\"\n\t\t\t\t data-color-option=\"default\" data-design=\"default\" data-grid=\"open\" style=\"display: none;\"\n\t\t\t\tdata-uid=\"69f2ef0e09504\"\n\t\t\t><div role=\"alert\" aria-live=\"polite\" class=\"forminator-response-message forminator-error\" aria-hidden=\"true\"><\/div><div class=\"forminator-row\"><div id=\"name-1\" class=\"forminator-field-name forminator-col forminator-col-12 \"><div class=\"forminator-field\"><label for=\"forminator-field-name-1_69f2ef0e09504\" id=\"forminator-field-name-1_69f2ef0e09504-label\" class=\"forminator-label\">Nom-Pr\u00e9nom <span class=\"forminator-required\">*<\/span><\/label><input type=\"text\" name=\"name-1\" value=\"\" placeholder=\"Nom-Pr\u00e9nom\" id=\"forminator-field-name-1_69f2ef0e09504\" class=\"forminator-input forminator-name--field\" aria-required=\"true\" autocomplete=\"name\" \/><\/div><\/div><\/div><div class=\"forminator-row\"><div id=\"email-1\" class=\"forminator-field-email forminator-col forminator-col-12 \"><div class=\"forminator-field\"><label for=\"forminator-field-email-1_69f2ef0e09504\" id=\"forminator-field-email-1_69f2ef0e09504-label\" class=\"forminator-label\">Adresse de messagerie <span class=\"forminator-required\">*<\/span><\/label><input type=\"email\" name=\"email-1\" value=\"\" placeholder=\"Mail\" id=\"forminator-field-email-1_69f2ef0e09504\" class=\"forminator-input forminator-email--field\" data-required=\"1\" aria-required=\"true\" autocomplete=\"email\" \/><\/div><\/div><\/div><div class=\"forminator-row\"><div id=\"phone-1\" class=\"forminator-field-phone forminator-col forminator-col-12 \"><div class=\"forminator-field\"><label for=\"forminator-field-phone-1_69f2ef0e09504\" id=\"forminator-field-phone-1_69f2ef0e09504-label\" class=\"forminator-label\">Num\u00e9ro de t\u00e9l\u00e9phone<\/label><input type=\"text\" name=\"phone-1\" value=\"\" placeholder=\"num\u00e9ro de t\u00e9l\u00e9phone\" id=\"forminator-field-phone-1_69f2ef0e09504\" class=\"forminator-input forminator-field--phone\" data-required=\"\" aria-required=\"false\" autocomplete=\"off\" \/><\/div><\/div><\/div><div class=\"forminator-row\"><div id=\"textarea-1\" class=\"forminator-field-textarea forminator-col forminator-col-12 \"><div class=\"forminator-field\"><label for=\"forminator-field-textarea-1_69f2ef0e09504\" id=\"forminator-field-textarea-1_69f2ef0e09504-label\" class=\"forminator-label\">Message<\/label><textarea name=\"textarea-1\" placeholder=\"Saisissez votre message\u2026\" id=\"forminator-field-textarea-1_69f2ef0e09504\" class=\"forminator-textarea\" rows=\"6\" style=\"--forminator-textarea-min-height:140px;\" maxlength=\"180\" ><\/textarea><span id=\"forminator-field-textarea-1_69f2ef0e09504-description\" class=\"forminator-description\"><span data-limit=\"180\" data-type=\"characters\" data-editor=\"\">0 \/ 180<\/span><\/span><\/div><\/div><\/div><input type=\"hidden\" name=\"referer_url\" value=\"\" \/><div class=\"forminator-row forminator-row-last\"><div class=\"forminator-col\"><div class=\"forminator-field\"><button class=\"forminator-button forminator-button-submit\">Envoyer le message<\/button><\/div><\/div><\/div><input type=\"hidden\" id=\"forminator_nonce\" name=\"forminator_nonce\" value=\"eec048b1ef\" \/><input type=\"hidden\" name=\"_wp_http_referer\" value=\"\/index.php\/wp-json\/wp\/v2\/pages\/83\" \/><input type=\"hidden\" name=\"form_id\" value=\"459\"><input type=\"hidden\" name=\"page_id\" value=\"83\"><input type=\"hidden\" name=\"form_type\" value=\"default\"><input type=\"hidden\" name=\"current_url\" value=\"https:\/\/harpiste-pianiste-lyslana.com\/index.php\/contact\/\"><input type=\"hidden\" name=\"render_id\" value=\"0\"><input type=\"hidden\" name=\"action\" value=\"forminator_submit_form_custom-forms\"><label for=\"input_5\" class=\"forminator-hidden\" aria-hidden=\"true\">Veuillez ne pas remplir ce champ. <input id=\"input_5\" type=\"text\" name=\"input_5\" value=\"\" autocomplete=\"off\"><\/label><\/form><\/div>\n                <\/div>\n              <\/div>\n            <\/div>\n          <\/div>\n        <\/div>\n      <\/div>\n    <\/div>\n  <\/div>\n<\/div>","protected":false},"excerpt":{"rendered":"<p>Contactez-moi<\/p>\n","protected":false},"author":1,"featured_media":0,"parent":0,"menu_order":0,"comment_status":"closed","ping_status":"closed","template":"page-templates\/full-width-page.php","meta":{"om_disable_all_campaigns":false,"_monsterinsights_skip_tracking":false,"_monsterinsights_sitenote_active":false,"_monsterinsights_sitenote_note":"","_monsterinsights_sitenote_category":0,"footnotes":""},"class_list":["post-83","page","type-page","status-publish","hentry"],"aioseo_notices":[],"_links":{"self":[{"href":"https:\/\/harpiste-pianiste-lyslana.com\/index.php\/wp-json\/wp\/v2\/pages\/83","targetHints":{"allow":["GET"]}}],"collection":[{"href":"https:\/\/harpiste-pianiste-lyslana.com\/index.php\/wp-json\/wp\/v2\/pages"}],"about":[{"href":"https:\/\/harpiste-pianiste-lyslana.com\/index.php\/wp-json\/wp\/v2\/types\/page"}],"author":[{"embeddable":true,"href":"https:\/\/harpiste-pianiste-lyslana.com\/index.php\/wp-json\/wp\/v2\/users\/1"}],"replies":[{"embeddable":true,"href":"https:\/\/harpiste-pianiste-lyslana.com\/index.php\/wp-json\/wp\/v2\/comments?post=83"}],"version-history":[{"count":11,"href":"https:\/\/harpiste-pianiste-lyslana.com\/index.php\/wp-json\/wp\/v2\/pages\/83\/revisions"}],"predecessor-version":[{"id":687,"href":"https:\/\/harpiste-pianiste-lyslana.com\/index.php\/wp-json\/wp\/v2\/pages\/83\/revisions\/687"}],"wp:attachment":[{"href":"https:\/\/harpiste-pianiste-lyslana.com\/index.php\/wp-json\/wp\/v2\/media?parent=83"}],"curies":[{"name":"wp","href":"https:\/\/api.w.org\/{rel}","templated":true}]}}